{"id":190,"date":"2024-06-06T11:29:36","date_gmt":"2024-06-06T16:29:36","guid":{"rendered":"https:\/\/djsmedellin.com\/?page_id=190"},"modified":"2024-06-06T11:30:04","modified_gmt":"2024-06-06T16:30:04","slug":"politica-de-tratamiento-de-la-informacion-de-datos-personales","status":"publish","type":"page","link":"https:\/\/djsmedellin.com\/index.php\/politica-de-tratamiento-de-la-informacion-de-datos-personales\/","title":{"rendered":"Pol\u00edtica de Tratamiento de Datos"},"content":{"rendered":"\n<p>Pol\u00edtica de Tratamiento de la Informaci\u00f3n de Datos Personales<\/p>\n\n\n\n<hr class=\"wp-block-separator has-alpha-channel-opacity\"\/>\n\n\n\n<h4 class=\"wp-block-heading\"><strong>1. Introducci\u00f3n<\/strong><\/h4>\n\n\n\n<p>En [Nombre de la Agencia\/Empresa], valoramos y respetamos tu privacidad. Esta Pol\u00edtica de Tratamiento de la Informaci\u00f3n de Datos Personales describe c\u00f3mo recolectamos, utilizamos, almacenamos y protegemos tus datos personales. Al proporcionar tus datos personales, aceptas las pr\u00e1cticas descritas en esta pol\u00edtica.<\/p>\n\n\n\n<h4 class=\"wp-block-heading\"><strong>2. Responsable del Tratamiento de Datos Personales<\/strong><\/h4>\n\n\n\n<ul class=\"wp-block-list\">\n<li><strong>Nombre de la Agencia\/Empresa<\/strong>: Djs Medellin (La Agencia Digital)<\/li>\n\n\n\n<li><strong>Direcci\u00f3n<\/strong>: Calle 77 sur #43a94<\/li>\n\n\n\n<li><strong>Tel\u00e9fono<\/strong>: 310 419 2300<\/li>\n\n\n\n<li><strong>Correo Electr\u00f3nico<\/strong>: djsmedellincolombia@gmail.com<\/li>\n<\/ul>\n\n\n\n<h4 class=\"wp-block-heading\"><strong>3. Datos Personales Recogidos<\/strong><\/h4>\n\n\n\n<p>Recolecci\u00f3n de los siguientes datos personales:<\/p>\n\n\n\n<ul class=\"wp-block-list\">\n<li>Nombre Completo<\/li>\n\n\n\n<li>Nombre Art\u00edstico<\/li>\n\n\n\n<li>Correo Electr\u00f3nico<\/li>\n\n\n\n<li>N\u00famero de Tel\u00e9fono<\/li>\n\n\n\n<li>Ciudad de Residencia<\/li>\n\n\n\n<li>G\u00e9neros Musicales que Mezclas<\/li>\n\n\n\n<li>A\u00f1os de Experiencia<\/li>\n\n\n\n<li>Redes Sociales (Instagram, Facebook, Twitter)<\/li>\n\n\n\n<li>Enlace a Sets o Mixes<\/li>\n\n\n\n<li>Disponibilidad para Eventos<\/li>\n<\/ul>\n\n\n\n<h4 class=\"wp-block-heading\"><strong>4. Finalidad del Tratamiento<\/strong><\/h4>\n\n\n\n<p>Los datos personales recolectados ser\u00e1n utilizados para los siguientes fines:<\/p>\n\n\n\n<ul class=\"wp-block-list\">\n<li>Creaci\u00f3n de una base de datos de DJs en Colombia.<\/li>\n\n\n\n<li>Env\u00edo de informaci\u00f3n sobre oportunidades, eventos y colaboraciones.<\/li>\n\n\n\n<li>Contacto para participar en eventos y promociones especiales.<\/li>\n\n\n\n<li>Segmentaci\u00f3n de informaci\u00f3n seg\u00fan intereses y estilos musicales.<\/li>\n<\/ul>\n\n\n\n<h4 class=\"wp-block-heading\"><strong>5. Derechos de los Titulares de los Datos<\/strong><\/h4>\n\n\n\n<p>Los titulares de los datos personales tienen los siguientes derechos:<\/p>\n\n\n\n<ul class=\"wp-block-list\">\n<li>Conocer, actualizar y rectificar sus datos personales.<\/li>\n\n\n\n<li>Solicitar prueba de la autorizaci\u00f3n otorgada para el tratamiento de sus datos.<\/li>\n\n\n\n<li>Ser informado sobre el uso que se les ha dado a sus datos personales.<\/li>\n\n\n\n<li>Presentar quejas ante la Superintendencia de Industria y Comercio por infracciones a lo dispuesto en la ley.<\/li>\n\n\n\n<li>Revocar la autorizaci\u00f3n y\/o solicitar la supresi\u00f3n de sus datos personales cuando sea procedente.<\/li>\n\n\n\n<li>Acceder en forma gratuita a sus datos personales.<\/li>\n<\/ul>\n\n\n\n<h4 class=\"wp-block-heading\"><strong>6. Procedimiento para el Ejercicio de los Derechos<\/strong><\/h4>\n\n\n\n<p>Para el ejercicio de sus derechos, el titular de los datos personales puede enviar una solicitud escrita a [Correo Electr\u00f3nico de Contacto] o dirigirse a [Direcci\u00f3n F\u00edsica de la Empresa]. La solicitud debe incluir el nombre completo del titular, descripci\u00f3n de la solicitud, direcci\u00f3n de contacto y documentaci\u00f3n que respalde la solicitud si es el caso.<\/p>\n\n\n\n<h4 class=\"wp-block-heading\"><strong>7. Seguridad de los Datos Personales<\/strong><\/h4>\n\n\n\n<p>Implementamos medidas de seguridad administrativas, t\u00e9cnicas y f\u00edsicas para proteger tus datos personales contra acceso no autorizado, p\u00e9rdida, destrucci\u00f3n, uso indebido o alteraci\u00f3n. Sin embargo, ning\u00fan sistema es completamente seguro y no podemos garantizar la seguridad absoluta de tus datos.<\/p>\n\n\n\n<h4 class=\"wp-block-heading\"><strong>8. Modificaciones a la Pol\u00edtica de Tratamiento de Datos Personales<\/strong><\/h4>\n\n\n\n<p>Nos reservamos el derecho de modificar esta Pol\u00edtica de Tratamiento de Datos Personales en cualquier momento. Las modificaciones ser\u00e1n publicadas en nuestro sitio web www.djsmedellin.com  y entrar\u00e1n en vigencia a partir de su publicaci\u00f3n.<\/p>\n\n\n\n<h4 class=\"wp-block-heading\"><strong>9. Contacto<\/strong><\/h4>\n\n\n\n<p>Si tienes preguntas o inquietudes sobre nuestra Pol\u00edtica de Tratamiento de la Informaci\u00f3n de Datos Personales, puedes contactarnos a trav\u00e9s de Djsmedellincolombia@gmail.com o llamarnos al 310 419 23 00<\/p>\n","protected":false},"excerpt":{"rendered":"<p>Pol\u00edtica de Tratamiento de la Informaci\u00f3n de Datos Personales 1. Introducci\u00f3n En [Nombre de la Agencia\/Empresa], valoramos y respetamos tu privacidad. Esta Pol\u00edtica de Tratamiento de la Informaci\u00f3n de Datos Personales describe c\u00f3mo recolectamos, utilizamos, almacenamos y protegemos tus datos personales. Al proporcionar tus datos personales, aceptas las pr\u00e1cticas descritas<span class=\"more-link\"><a href=\"https:\/\/djsmedellin.com\/index.php\/politica-de-tratamiento-de-la-informacion-de-datos-personales\/\">leer mas<\/a><\/span><\/p>\n","protected":false},"author":1,"featured_media":0,"parent":0,"menu_order":0,"comment_status":"closed","ping_status":"closed","template":"","meta":{"om_disable_all_campaigns":false,"_monsterinsights_skip_tracking":false,"_monsterinsights_sitenote_active":false,"_monsterinsights_sitenote_note":"","_monsterinsights_sitenote_category":0,"_joinchat":[],"footnotes":""},"class_list":["entry","author-djsmedellin-com","post-190","page","type-page","status-publish"],"aioseo_notices":[],"jetpack_sharing_enabled":true,"_links":{"self":[{"href":"https:\/\/djsmedellin.com\/index.php\/wp-json\/wp\/v2\/pages\/190","targetHints":{"allow":["GET"]}}],"collection":[{"href":"https:\/\/djsmedellin.com\/index.php\/wp-json\/wp\/v2\/pages"}],"about":[{"href":"https:\/\/djsmedellin.com\/index.php\/wp-json\/wp\/v2\/types\/page"}],"author":[{"embeddable":true,"href":"https:\/\/djsmedellin.com\/index.php\/wp-json\/wp\/v2\/users\/1"}],"replies":[{"embeddable":true,"href":"https:\/\/djsmedellin.com\/index.php\/wp-json\/wp\/v2\/comments?post=190"}],"version-history":[{"count":2,"href":"https:\/\/djsmedellin.com\/index.php\/wp-json\/wp\/v2\/pages\/190\/revisions"}],"predecessor-version":[{"id":192,"href":"https:\/\/djsmedellin.com\/index.php\/wp-json\/wp\/v2\/pages\/190\/revisions\/192"}],"wp:attachment":[{"href":"https:\/\/djsmedellin.com\/index.php\/wp-json\/wp\/v2\/media?parent=190"}],"curies":[{"name":"wp","href":"https:\/\/api.w.org\/{rel}","templated":true}]}}