{"id":282,"date":"2024-11-01T09:07:48","date_gmt":"2024-11-01T14:07:48","guid":{"rendered":"https:\/\/djsmedellin.com\/?page_id=282"},"modified":"2024-11-01T09:07:50","modified_gmt":"2024-11-01T14:07:50","slug":"eventos-y-presentaciones","status":"publish","type":"page","link":"https:\/\/djsmedellin.com\/index.php\/eventos-y-presentaciones\/","title":{"rendered":"Eventos y Presentaciones"},"content":{"rendered":"\n<ul class=\"wp-block-list\">\n<li><strong>Calendario de Eventos<\/strong>: Una secci\u00f3n actualizada con los eventos donde nuestros DJs afiliados estar\u00e1n presentando sets. Los artistas pueden ver d\u00f3nde y cu\u00e1ndo se tocar\u00e1n sus canciones.<\/li>\n\n\n\n<li><strong>Convocatorias para DJs<\/strong>: Oportunidades para DJs de participar en eventos organizados por DJSMEDELLIN.COM o colaboraciones exclusivas con artistas.<\/li>\n<\/ul>\n\n\n\n<p><\/p>\n","protected":false},"excerpt":{"rendered":"<p><span class=\"more-link\"><a href=\"https:\/\/djsmedellin.com\/index.php\/eventos-y-presentaciones\/\">leer mas<\/a><\/span><\/p>\n","protected":false},"author":1,"featured_media":0,"parent":0,"menu_order":0,"comment_status":"closed","ping_status":"closed","template":"","meta":{"om_disable_all_campaigns":false,"_monsterinsights_skip_tracking":false,"_monsterinsights_sitenote_active":false,"_monsterinsights_sitenote_note":"","_monsterinsights_sitenote_category":0,"_joinchat":[],"footnotes":""},"class_list":["entry","author-djsmedellin-com","post-282","page","type-page","status-publish"],"aioseo_notices":[],"jetpack_sharing_enabled":true,"_links":{"self":[{"href":"https:\/\/djsmedellin.com\/index.php\/wp-json\/wp\/v2\/pages\/282","targetHints":{"allow":["GET"]}}],"collection":[{"href":"https:\/\/djsmedellin.com\/index.php\/wp-json\/wp\/v2\/pages"}],"about":[{"href":"https:\/\/djsmedellin.com\/index.php\/wp-json\/wp\/v2\/types\/page"}],"author":[{"embeddable":true,"href":"https:\/\/djsmedellin.com\/index.php\/wp-json\/wp\/v2\/users\/1"}],"replies":[{"embeddable":true,"href":"https:\/\/djsmedellin.com\/index.php\/wp-json\/wp\/v2\/comments?post=282"}],"version-history":[{"count":1,"href":"https:\/\/djsmedellin.com\/index.php\/wp-json\/wp\/v2\/pages\/282\/revisions"}],"predecessor-version":[{"id":283,"href":"https:\/\/djsmedellin.com\/index.php\/wp-json\/wp\/v2\/pages\/282\/revisions\/283"}],"wp:attachment":[{"href":"https:\/\/djsmedellin.com\/index.php\/wp-json\/wp\/v2\/media?parent=282"}],"curies":[{"name":"wp","href":"https:\/\/api.w.org\/{rel}","templated":true}]}}