{"id":290,"date":"2024-11-01T09:16:01","date_gmt":"2024-11-01T14:16:01","guid":{"rendered":"https:\/\/djsmedellin.com\/?page_id=290"},"modified":"2024-11-01T09:16:03","modified_gmt":"2024-11-01T14:16:03","slug":"programas-edicion-de-audio","status":"publish","type":"page","link":"https:\/\/djsmedellin.com\/index.php\/programas-edicion-de-audio\/","title":{"rendered":"Programas Edici\u00f3n de Audio"},"content":{"rendered":"\n<p><\/p>\n\n\n\n<p><\/p>\n\n\n\n<p>Los 5 Mejores Programas para la Edici\u00f3n de Audio [+ Descarga]<\/p>\n\n\n\n<p>Aqu\u00ed podr\u00e1s ver un listado con los\u00a0<strong>mejores programas para la edici\u00f3n de audio<\/strong>, son herramientas especializadas en procesar el sonido, aunque tambi\u00e9n ver\u00e1s algunos programas con m\u00e1s funciones.<\/p>\n\n\n\n<h2 class=\"wp-block-heading\">Mejores Programas para la Edici\u00f3n de Audio y Sonido<\/h2>\n\n\n\n<blockquote class=\"wp-block-quote is-layout-flow wp-block-quote-is-layout-flow\">\n<p>Los dos primeros que ver\u00e1s a continuaci\u00f3n son herramientas puramente para editar y procesar el sonido. Los siguientes ya son DAWs (Digital Audio Workstation) amplios, son programas tanto para la edici\u00f3n de audio como para producci\u00f3n musical:<\/p>\n<\/blockquote>\n\n\n\n<h3 class=\"wp-block-heading\">1. Adobe Audition<\/h3>\n\n\n\n<p>Abode Audition es la herramienta profesional de Adobe enfocada a la edici\u00f3n de audio.<\/p>\n\n\n\n<p>Est\u00e1 orientado a profesionales que necesiten tratar audio para podcasts, v\u00eddeos, programas radiof\u00f3nicos, audiolibros, etc. Tambi\u00e9n tiene funciones avanzadas para restaurar el sonido o para clarificar voces.<\/p>\n\n\n\n<blockquote class=\"wp-block-quote is-layout-flow wp-block-quote-is-layout-flow\">\n<p>Es posiblemente el mejor, dedicado exclusivamente a la edici\u00f3n. Est\u00e1 muy enfocado a trabajar audio tipo podcasts.<\/p>\n<\/blockquote>\n\n\n<div class=\"wp-block-image\">\n<figure class=\"aligncenter\"><a href=\"https:\/\/djfuturo.com\/adobe-audition-descargar\/\"><img decoding=\"async\" src=\"https:\/\/djfuturo.com\/wp-content\/uploads\/descargar-adobe-audition.jpg\" alt=\"Descargar Adobe Audition\" class=\"wp-image-4456\"\/><\/a><\/figure><\/div>\n\n\n<p><a href=\"https:\/\/djfuturo.com\/adobe-audition-descargar\/\">&nbsp;Descarga Adobe Audition<\/a><\/p>\n\n\n\n<h3 class=\"wp-block-heading\">2. Audacity<\/h3>\n\n\n\n<p>Audacity es la herramienta 100% gratuita. Es de c\u00f3digo abierto y cuenta con una gran comunidad en internet. Puedes encontrar cientos de tutoriales para cualquier asunto en la edici\u00f3n de sonido.<\/p>\n\n\n\n<p>Podemos ponerlo en la misma categor\u00eda que Adobe Audition, pero en un nivel m\u00e1s principiante. Es decir, puede ser interesante para aprender, para hacer ediciones r\u00e1pidas, o para lograr buenos resultados sin coste.<\/p>\n\n\n\n<blockquote class=\"wp-block-quote is-layout-flow wp-block-quote-is-layout-flow\">\n<p>Si tus proyectos est\u00e1n en sus etapas iniciales o tienes que hacer ediciones sencillas, es la mejor opci\u00f3n.<\/p>\n<\/blockquote>\n\n\n<div class=\"wp-block-image\">\n<figure class=\"aligncenter\"><a href=\"https:\/\/djfuturo.com\/descargar-audacity-windows\/\"><img decoding=\"async\" src=\"https:\/\/djfuturo.com\/wp-content\/uploads\/descargar-audacity-gratis.jpg\" alt=\"Descargar Audacity Gratis\" class=\"wp-image-3678\"\/><\/a><\/figure><\/div>\n\n\n<p><a href=\"https:\/\/djfuturo.com\/descargar-audacity-windows\/\">&nbsp;Descarga Audacity<\/a><\/p>\n\n\n\n<h3 class=\"wp-block-heading\">3. Pro Tools<\/h3>\n\n\n\n<p>Con Avid Pro Tools ya damos otro salto. Este es el programa de edici\u00f3n de audio m\u00e1s usado en estudios profesionales. Se utiliza sobretodo para la grabaci\u00f3n, el procesamiento del audio, la postproducci\u00f3n y el mastering. Es un DAW (Digital Audio Workstation) completo con el que se puede producir m\u00fasica desde 0.<\/p>\n\n\n\n<blockquote class=\"wp-block-quote is-layout-flow wp-block-quote-is-layout-flow\">\n<p>Es habitual en el mundo de la televisi\u00f3n, radio e industria musical.<\/p>\n<\/blockquote>\n\n\n<div class=\"wp-block-image\">\n<figure class=\"aligncenter\"><a href=\"https:\/\/djfuturo.com\/descargar-pro-tools\/\"><img decoding=\"async\" src=\"https:\/\/djfuturo.com\/wp-content\/uploads\/descargar-pro-tools.jpg\" alt=\"Descargar Pro Tools\" class=\"wp-image-4514\"\/><\/a><\/figure><\/div>\n\n\n<p><a href=\"https:\/\/djfuturo.com\/descargar-pro-tools\/\">&nbsp;Descarga Pro Tools<\/a><\/p>\n\n\n\n<h3 class=\"wp-block-heading\">4. Logic Pro<\/h3>\n\n\n\n<p>Logic Pro es otro DAW completo, principalmente utilizado para la producci\u00f3n musical, pero puedes hacer cualquier cosa que desees a nivel de audio. Aunque debes tener en cuenta que es exclusivamente para macOS.<\/p>\n\n\n\n<p>Es de los m\u00e1s utilizados en el mundo musical actualmente junto a Ableton Live.<\/p>\n\n\n\n<blockquote class=\"wp-block-quote is-layout-flow wp-block-quote-is-layout-flow\">\n<p>Debes tener en cuenta que en este perfil de programas ya puedes trabajar con sintetizadores y centenares de herramientas, por lo que, ser\u00e1 una buena opci\u00f3n si quieres ir m\u00e1s all\u00e1 de la edici\u00f3n de audio sin m\u00e1s.<\/p>\n<\/blockquote>\n\n\n<div class=\"wp-block-image\">\n<figure class=\"aligncenter\"><a href=\"https:\/\/djfuturo.com\/descargar-logic-pro\/\"><img decoding=\"async\" src=\"https:\/\/djfuturo.com\/wp-content\/uploads\/Logic-pro-descargar.jpg\" alt=\"Descargar Logic Pro\" class=\"wp-image-4677\"\/><\/a><\/figure><\/div>\n\n\n<p><a href=\"https:\/\/djfuturo.com\/descargar-logic-pro\/\">&nbsp;Descarga Logic Pro<\/a><\/p>\n\n\n\n<h3 class=\"wp-block-heading\">5. FL Studio<\/h3>\n\n\n\n<p>FL Studio es un caso parecido al de Logic, si bien este programa de edici\u00f3n de audio tambi\u00e9n lo puedes utilizar en Windows. Es otro programa muy enfocado a la producci\u00f3n musical, pero con el que puedes hacer todo tipo de edici\u00f3n que imagines.<\/p>\n\n\n\n<blockquote class=\"wp-block-quote is-layout-flow wp-block-quote-is-layout-flow\">\n<p>Es un DAW completo, por lo que de nuevo ser\u00e1 interesante si quieres llevarlo m\u00e1s all\u00e1 de la edici\u00f3n est\u00e1ndar de audio. Podr\u00e1s utilizar todo tipo de sintetizadores y efectos.<\/p>\n<\/blockquote>\n\n\n<div class=\"wp-block-image\">\n<figure class=\"aligncenter\"><a href=\"https:\/\/djfuturo.com\/descargar-fl-studio\/\"><img decoding=\"async\" src=\"https:\/\/djfuturo.com\/wp-content\/uploads\/descargar-flstudio-gratis-windows-mac.jpg\" alt=\"Descarga FL Studio Gratis (\u00daltima Versi\u00f3n)\" class=\"wp-image-2655\"\/><\/a><\/figure><\/div>\n\n\n<p><a href=\"https:\/\/djfuturo.com\/descargar-fl-studio\/\">&nbsp;Descarga FL Studio<\/a><\/p>\n\n\n\n<h3 class=\"wp-block-heading\">BONUS:&nbsp;Ableton Live<\/h3>\n\n\n\n<p>Ableton Live actualmente es el DAW m\u00e1s popular junto a Logic. Adem\u00e1s de ser una excelente herramienta de producci\u00f3n musical y de tratamiento de audio, tiene funciones exclusivas para trabajar en directo. Pero de nuevo, podr\u00e1s hacer cualquier tipo de edici\u00f3n y tratamiento al sonido.<\/p>\n\n\n\n<blockquote class=\"wp-block-quote is-layout-flow wp-block-quote-is-layout-flow\">\n<p>Puede ser un plus si por ejemplo lo necesitas para un programa en directo.<\/p>\n<\/blockquote>\n\n\n<div class=\"wp-block-image\">\n<figure class=\"aligncenter\"><a href=\"https:\/\/djfuturo.com\/descargar-ableton-live\/\"><img decoding=\"async\" src=\"https:\/\/djfuturo.com\/wp-content\/uploads\/descargar-ableton-live.jpeg\" alt=\"descargar ableton live\" class=\"wp-image-2432\"\/><\/a><\/figure><\/div>\n\n\n<p><a href=\"https:\/\/djfuturo.com\/descargar-ableton-live\/\">&nbsp;Descarga Ableton Live<\/a><\/p>\n\n\n\n<p><strong>\u27a4&nbsp;<\/strong>Si quieres seguir viendo&nbsp;<a href=\"https:\/\/djfuturo.com\/programas-hacer-musica-daws\/\">programas para hacer m\u00fasica<\/a>&nbsp;o DAWs te recomiendo que visites el enlace, es un top de los mejores software de producci\u00f3n musical.<\/p>\n\n\n<div class=\"wp-block-image\">\n<figure class=\"aligncenter\"><a href=\"https:\/\/djfuturo.com\/programas-hacer-musica-daws\/\"><img decoding=\"async\" src=\"https:\/\/djfuturo.com\/wp-content\/uploads\/mejores-daw-300x169.jpg\" alt=\"Mejores Programas para hacer M\u00fasica o de Producci\u00f3n Musical (DAW)\" class=\"wp-image-4975\"\/><\/a><\/figure><\/div>","protected":false},"excerpt":{"rendered":"<p>Los 5 Mejores Programas para la Edici\u00f3n de Audio [+ Descarga] Aqu\u00ed podr\u00e1s ver un listado con los\u00a0mejores programas para la edici\u00f3n de audio, son herramientas especializadas en procesar el sonido, aunque tambi\u00e9n ver\u00e1s algunos programas con m\u00e1s funciones. Mejores Programas para la Edici\u00f3n de Audio y Sonido Los dos<span class=\"more-link\"><a href=\"https:\/\/djsmedellin.com\/index.php\/programas-edicion-de-audio\/\">leer mas<\/a><\/span><\/p>\n","protected":false},"author":1,"featured_media":0,"parent":0,"menu_order":0,"comment_status":"closed","ping_status":"closed","template":"","meta":{"om_disable_all_campaigns":false,"_monsterinsights_skip_tracking":false,"_monsterinsights_sitenote_active":false,"_monsterinsights_sitenote_note":"","_monsterinsights_sitenote_category":0,"_joinchat":[],"footnotes":""},"class_list":["entry","author-djsmedellin-com","post-290","page","type-page","status-publish"],"aioseo_notices":[],"jetpack_sharing_enabled":true,"_links":{"self":[{"href":"https:\/\/djsmedellin.com\/index.php\/wp-json\/wp\/v2\/pages\/290","targetHints":{"allow":["GET"]}}],"collection":[{"href":"https:\/\/djsmedellin.com\/index.php\/wp-json\/wp\/v2\/pages"}],"about":[{"href":"https:\/\/djsmedellin.com\/index.php\/wp-json\/wp\/v2\/types\/page"}],"author":[{"embeddable":true,"href":"https:\/\/djsmedellin.com\/index.php\/wp-json\/wp\/v2\/users\/1"}],"replies":[{"embeddable":true,"href":"https:\/\/djsmedellin.com\/index.php\/wp-json\/wp\/v2\/comments?post=290"}],"version-history":[{"count":1,"href":"https:\/\/djsmedellin.com\/index.php\/wp-json\/wp\/v2\/pages\/290\/revisions"}],"predecessor-version":[{"id":291,"href":"https:\/\/djsmedellin.com\/index.php\/wp-json\/wp\/v2\/pages\/290\/revisions\/291"}],"wp:attachment":[{"href":"https:\/\/djsmedellin.com\/index.php\/wp-json\/wp\/v2\/media?parent=290"}],"curies":[{"name":"wp","href":"https:\/\/api.w.org\/{rel}","templated":true}]}}